{"id":207,"date":"2019-02-18T17:43:13","date_gmt":"2019-02-18T17:43:13","guid":{"rendered":"http:\/\/carolynhydemusic.com\/es\/?page_id=207"},"modified":"2019-02-19T13:05:27","modified_gmt":"2019-02-19T13:05:27","slug":"cds","status":"publish","type":"page","link":"https:\/\/carolynhydemusic.com\/es\/cds\/","title":{"rendered":"CDs"},"content":{"rendered":"<div class=\"six mobile-two columns clearColumn\" style=\"padding-left: 0px;\"><div >&nbsp;<\/div>\n<p><iframe loading=\"lazy\" style=\"border: 0; width: 320px; height: 320px;\" src=\"http:\/\/bandcamp.com\/EmbeddedPlayer\/album=3903066259\/size=large\/bgcol=333333\/linkcol=4ec5ec\/transparent=true\/\" height=\"240\" width=\"320\" seamless=\"\"><\/iframe><\/p>\n<p style=\"color: #eee; text-align: center;\">COMPRA \u00abJUST LIKE JOSEPH\u00bb<\/p>\n<form action=\"https:\/\/www.paypal.com\/cgi-bin\/webscr\" method=\"post\" target=\"paypal\" style=\"text-align:center;\"><input type=\"hidden\" name=\"cmd\" value=\"_s-xclick\" \/><br \/>\n<input type=\"hidden\" name=\"hosted_button_id\" value=\"AJGKJL2RE263S\" \/><br \/>\n<input type=\"image\" alt=\"PayPal - The safer, easier way to pay online!\" name=\"submit\" src=\"https:\/\/www.paypalobjects.com\/en_US\/i\/btn\/btn_cart_LG.gif\" \/><br \/>\n<img loading=\"lazy\" decoding=\"async\" alt=\"\" src=\"https:\/\/www.paypalobjects.com\/en_US\/i\/scr\/pixel.gif\" width=\"1\" height=\"1\" border=\"0\" \/><\/form>\n<p><iframe src=\"https:\/\/widgets.itunes.apple.com\/widget.html?c=us&#038;brc=FFFFFF&#038;blc=FFFFFF&#038;trc=FFFFFF&#038;tlc=FFFFFF&#038;d=&#038;t=&#038;m=music&#038;e=album&#038;w=250&#038;h=300&#038;ids=1335202722&#038;wt=discovery&#038;partnerId=&#038;affiliate_id=&#038;at=&#038;ct=\" frameborder=0 style=\"overflow-x:hidden;overflow-y:hidden;width:250px;height: 300px;border:0px\"><\/iframe><\/p>\n<p>\n<strong>Just Like Joseph (As\u00ed Como Jos\u00e9)<\/strong><br \/>\n<em>Just Like Joseph (As\u00ed como Jos\u00e9)<\/em> es una mezcla ecl\u00e9ctica de canciones alegres y contempor\u00e1neas, desde folk hasta jazz y rock suave hasta m\u00fasica g\u00f3spel. Esta nueva colecci\u00f3n de canciones originales est\u00e1 en hebreo, ingl\u00e9s e incluso una canci\u00f3n en espa\u00f1ol. \u00a1Disfruta de la m\u00fasica y ponte tus zapatos de danza! \u00a1Todas las canciones fueron escritas y grabadas en Galilea!\n<\/p>\n<p><\/p><\/div><br \/>\n<div class=\"six mobile-two columns clearColumn\" style=\"padding-left: 0px;\"><p><br \/>\n<iframe loading=\"lazy\" style=\"border: 0; width: 320px; height: 320px;\" src=\"http:\/\/bandcamp.com\/EmbeddedPlayer\/album=2061418081\/size=large\/bgcol=333333\/linkcol=4ec5ec\/transparent=true\/\" height=\"240\" width=\"320\" seamless=\"\"><\/iframe><\/p>\n<p style=\"color: #eee; text-align: center;\">COMPRA \u00abDEEP CALLS TO DEEP\u00bb<\/p>\n<form action=\"https:\/\/www.paypal.com\/cgi-bin\/webscr\" method=\"post\" target=\"paypal\" style=\"text-align:center;\"><input type=\"hidden\" name=\"cmd\" value=\"_s-xclick\" \/><br \/>\n<input type=\"hidden\" name=\"hosted_button_id\" value=\"AGVYR6GSER3LY\" \/><br \/>\n<input type=\"image\" alt=\"PayPal - The safer, easier way to pay online!\" name=\"submit\" src=\"https:\/\/www.paypalobjects.com\/en_US\/i\/btn\/btn_cart_LG.gif\" \/><br \/>\n<img loading=\"lazy\" decoding=\"async\" alt=\"\" src=\"https:\/\/www.paypalobjects.com\/en_US\/i\/scr\/pixel.gif\" width=\"1\" height=\"1\" border=\"0\" \/><\/form>\n<p><iframe src=\"https:\/\/widgets.itunes.apple.com\/widget.html?c=us&#038;brc=FFFFFF&#038;blc=FFFFFF&#038;trc=FFFFFF&#038;tlc=FFFFFF&#038;d=&#038;t=&#038;m=music&#038;e=album&#038;w=250&#038;h=300&#038;ids=514474631&#038;wt=discovery&#038;partnerId=&#038;affiliate_id=&#038;at=&#038;ct=\" frameborder=0 style=\"overflow-x:hidden;overflow-y:hidden;width:250px;height: 300px;border:0px\"><\/iframe><\/p>\n<p>\n<strong>Deep Calls to Deep (Un Abismo Llama a Otro Abismo)<\/strong><br \/>\nEntra a la sala del trono de gracia mientras escuchas este diluvio en CD con sus ricas armon\u00edas y sonidos de arpa, violonchelo, viol\u00edn, grabadora, silbato irland\u00e9s, guitarra y m\u00e1s. El saz, el setar y el alquitr\u00e1n de Ir\u00e1n y Turqu\u00eda brindan un sabor de Oriente Medio y, aunque estas naciones son dos de los enemigos modernos de Israel, un d\u00eda adoraremos al D-os de Abraham, Isaac y Jacob juntos, por lo que es un sonido perfecto por venir \u00a1desde Israel!\n<\/p>\n<p><\/p><\/div><br \/>\n<div class=\"six mobile-two columns clearColumn\" style=\"padding-left: 0px;\"><p><br \/>\n<iframe loading=\"lazy\" style=\"border: 0; width: 320px; height: 320px;\" src=\"http:\/\/bandcamp.com\/EmbeddedPlayer\/album=3405879020\/size=large\/bgcol=3D3529\/linkcol=4ec5ec\/notracklist=false\/transparent=true\/\" height=\"240\" width=\"320\" seamless=\"\"><\/iframe><\/p>\n<p style=\"color: #eee; text-align: center;\">COMPRA \u00abTHE LATTER RAIN\u00bb<\/p>\n<form action=\"https:\/\/www.paypal.com\/cgi-bin\/webscr\" method=\"post\" target=\"paypal\" style=\"text-align:center;\"><input type=\"hidden\" name=\"cmd\" value=\"_s-xclick\" \/><br \/>\n<input type=\"hidden\" name=\"hosted_button_id\" value=\"VN6SPAFXGFKLU\" \/><br \/>\n<input type=\"image\" alt=\"PayPal - The safer, easier way to pay online!\" name=\"submit\" src=\"https:\/\/www.paypal.com\/en_US\/i\/btn\/btn_cart_LG.gif\" \/><br \/>\n<img loading=\"lazy\" decoding=\"async\" alt=\"\" src=\"https:\/\/www.paypalobjects.com\/en_US\/i\/scr\/pixel.gif\" width=\"1\" height=\"1\" border=\"0\" \/><\/form>\n<p><iframe src=\"https:\/\/widgets.itunes.apple.com\/widget.html?c=us&#038;brc=FFFFFF&#038;blc=FFFFFF&#038;trc=FFFFFF&#038;tlc=FFFFFF&#038;d=&#038;t=&#038;m=music&#038;e=album&#038;w=250&#038;h=300&#038;ids=351727299&#038;wt=discovery&#038;partnerId=&#038;affiliate_id=&#038;at=&#038;ct=\" frameborder=0 style=\"overflow-x:hidden;overflow-y:hidden;width:250px;height: 300px;border:0px\"><\/iframe><\/p>\n<p>\n<strong>The Latter Rain (La Lluvia Tard\u00eda)<\/strong><br \/>\nLos estilos de canciones en <em>The Latter Rain (La Lluvia Tard\u00eda)<\/em> var\u00edan de folk-blues a rock suave y de country-western a cl\u00e1sica. Muchas de las canciones en este CD, como Nothing Will Be Impossible (Nada ser\u00e1 imposible), Out of Egypt (Fuera de Egipto), I Will Never Leave You (Nunca te Dejar\u00e9), Rachman Rachem, nacieron mientras oramos por muchos prodigios. Hay veintiocho m\u00fasicos israel\u00edes en este CD,&#8211; Aqu\u00ed no hay nada sint\u00e9tico, \u00a1es m\u00fasica real!\n<\/p>\n<p><\/p><\/div><br \/>\n<div class=\"six mobile-two columns clearColumn\" style=\"padding-left: 0px;\"><p><br \/>\n<iframe loading=\"lazy\" style=\"border: 0; width: 320px; height: 320px;\" src=\"http:\/\/bandcamp.com\/EmbeddedPlayer\/album=1875196160\/size=large\/bgcol=3D3529\/linkcol=4ec5ec\/notracklist=false\/transparent=true\/\" height=\"240\" width=\"320\" seamless=\"\"><\/iframe><\/p>\n<p style=\"color: #eee; text-align: center;\">COMPRA \u00abFINE LINEN\u00bb<\/p>\n<form action=\"https:\/\/www.paypal.com\/cgi-bin\/webscr\" method=\"post\" target=\"paypal\" style=\"text-align:center;\"><input type=\"hidden\" name=\"cmd\" value=\"_s-xclick\" \/><br \/>\n<input type=\"hidden\" name=\"hosted_button_id\" value=\"3MJ75JAVBF8QG\" \/><br \/>\n<input type=\"image\" alt=\"PayPal - The safer, easier way to pay online!\" name=\"submit\" src=\"https:\/\/www.paypal.com\/en_US\/i\/btn\/btn_cart_LG.gif\" \/><br \/>\n<img loading=\"lazy\" decoding=\"async\" alt=\"\" src=\"https:\/\/www.paypalobjects.com\/en_US\/i\/scr\/pixel.gif\" width=\"1\" height=\"1\" border=\"0\" \/><\/form>\n<p><iframe src=\"https:\/\/widgets.itunes.apple.com\/widget.html?c=us&#038;brc=FFFFFF&#038;blc=FFFFFF&#038;trc=FFFFFF&#038;tlc=FFFFFF&#038;d=&#038;t=&#038;m=music&#038;e=album&#038;w=250&#038;h=300&#038;ids=351664902&#038;wt=discovery&#038;partnerId=&#038;affiliate_id=&#038;at=&#038;ct=\" frameborder=0 style=\"overflow-x:hidden;overflow-y:hidden;width:250px;height: 300px;border:0px\"><\/iframe><\/p>\n<p>\n<strong>Fine Linen (Lino Fino)<\/strong><br \/>\n<em>Fine Linen (Lino Fino)<\/em> tiene un tono natural y terroso que refleja sus ra\u00edces israel\u00edes. Muchas de las canciones est\u00e1n en hebreo, pero tambi\u00e9n escuchar\u00e1s las letras en ingl\u00e9s; \u00a1Una gran manera de aprender algo de hebreo! Muchas personas han descrito esta m\u00fasica como si tuviera un toque de blues. Las canciones incluyen <em>Fine Linen (Lino Fino)<\/em>, una gran canci\u00f3n de bodas, <em>Shine (Brillar)<\/em>, <em>Cover Me (C\u00fabreme)<\/em>, <em>Ha Aretz<\/em> y <em>Hu Chai B&#8217;Tochi<\/em>.\n<\/p>\n<p><\/p><\/div>\n<div class=\"six mobile-two columns clearColumn\" style=\"padding-left: 0px;\"><p>\n<p><\/p><\/div><br \/>\n<div class=\"six mobile-two columns clearColumn\" style=\"padding-left: 0px;\"><p><\/p>\n<p><\/p><\/div>\n","protected":false},"excerpt":{"rendered":"&nbsp; COMPRA \"JUST LIKE JOSEPH\" Just Like Joseph (As\u00ed Como Jos\u00e9) Just Like Joseph (As\u00ed como Jos\u00e9) es una mezcla ecl\u00e9ctica de canciones alegres y contempor\u00e1neas, desde folk hasta jazz [...]","protected":false},"author":2,"featured_media":0,"parent":0,"menu_order":0,"comment_status":"closed","ping_status":"closed","template":"","meta":{"footnotes":""},"_links":{"self":[{"href":"https:\/\/carolynhydemusic.com\/es\/wp-json\/wp\/v2\/pages\/207"}],"collection":[{"href":"https:\/\/carolynhydemusic.com\/es\/wp-json\/wp\/v2\/pages"}],"about":[{"href":"https:\/\/carolynhydemusic.com\/es\/wp-json\/wp\/v2\/types\/page"}],"author":[{"embeddable":true,"href":"https:\/\/carolynhydemusic.com\/es\/wp-json\/wp\/v2\/users\/2"}],"replies":[{"embeddable":true,"href":"https:\/\/carolynhydemusic.com\/es\/wp-json\/wp\/v2\/comments?post=207"}],"version-history":[{"count":7,"href":"https:\/\/carolynhydemusic.com\/es\/wp-json\/wp\/v2\/pages\/207\/revisions"}],"predecessor-version":[{"id":233,"href":"https:\/\/carolynhydemusic.com\/es\/wp-json\/wp\/v2\/pages\/207\/revisions\/233"}],"wp:attachment":[{"href":"https:\/\/carolynhydemusic.com\/es\/wp-json\/wp\/v2\/media?parent=207"}],"curies":[{"name":"wp","href":"https:\/\/api.w.org\/{rel}","templated":true}]}}